{"id":9,"date":"2023-09-06T14:07:30","date_gmt":"2023-09-06T17:07:30","guid":{"rendered":"https:\/\/demosites.royal-elementor-addons.com\/solar-energy-v1\/?page_id=9"},"modified":"2024-10-24T12:25:16","modified_gmt":"2024-10-24T15:25:16","slug":"quem-somos","status":"publish","type":"page","link":"https:\/\/aluri.com.br\/site2\/quem-somos\/","title":{"rendered":"Quem Somos"},"content":{"rendered":"\t\t<div data-elementor-type=\"wp-page\" data-elementor-id=\"9\" class=\"elementor elementor-9\">\n\t\t\t\t\t\t<section class=\"elementor-section elementor-top-section elementor-element elementor-element-5170393 elementor-section-boxed elementor-section-height-default elementor-section-height-default wpr-particle-no wpr-jarallax-no wpr-parallax-no wpr-sticky-section-no\" data-id=\"5170393\" data-element_type=\"section\" data-settings=\"{&quot;background_background&quot;:&quot;classic&quot;}\">\n\t\t\t\t\t\t\t<div class=\"elementor-background-overlay\"><\/div>\n\t\t\t\t\t\t\t<div class=\"elementor-container elementor-column-gap-default\">\n\t\t\t\t\t<div class=\"elementor-column elementor-col-100 elementor-top-column elementor-element elementor-element-c53ab0d\" data-id=\"c53ab0d\" data-element_type=\"column\">\n\t\t\t<div class=\"elementor-widget-wrap elementor-element-populated\">\n\t\t\t\t\t\t<div class=\"elementor-element elementor-element-b709dc4 elementor-widget elementor-widget-heading\" data-id=\"b709dc4\" data-element_type=\"widget\" data-widget_type=\"heading.default\">\n\t\t\t\t<div class=\"elementor-widget-container\">\n\t\t\t<h2 class=\"elementor-heading-title elementor-size-default\">Quem Somos<\/h2>\t\t<\/div>\n\t\t\t\t<\/div>\n\t\t\t\t<div class=\"elementor-element elementor-element-6971f64 elementor-widget elementor-widget-text-editor\" data-id=\"6971f64\" data-element_type=\"widget\" data-widget_type=\"text-editor.default\">\n\t\t\t\t<div class=\"elementor-widget-container\">\n\t\t\t\t\t\t\t<p>Log\u00edstica segura e eficiente para cargas fracionadas, com frota rastreada, certifica\u00e7\u00e3o ANVISA, e foco na satisfa\u00e7\u00e3o do cliente<\/p>\t\t\t\t\t\t<\/div>\n\t\t\t\t<\/div>\n\t\t\t\t\t<\/div>\n\t\t<\/div>\n\t\t\t\t\t<\/div>\n\t\t<\/section>\n\t\t\t\t<section class=\"elementor-section elementor-top-section elementor-element elementor-element-dbd083e elementor-section-boxed elementor-section-height-default elementor-section-height-default wpr-particle-no wpr-jarallax-no wpr-parallax-no wpr-sticky-section-no\" data-id=\"dbd083e\" data-element_type=\"section\">\n\t\t\t\t\t\t<div class=\"elementor-container elementor-column-gap-wide\">\n\t\t\t\t\t<div class=\"elementor-column elementor-col-50 elementor-top-column elementor-element elementor-element-6d62b65 elementor-invisible\" data-id=\"6d62b65\" data-element_type=\"column\" data-settings=\"{&quot;animation&quot;:&quot;slideInLeft&quot;}\">\n\t\t\t<div class=\"elementor-widget-wrap elementor-element-populated\">\n\t\t\t\t\t\t<div class=\"elementor-element elementor-element-4d61d9f elementor-widget elementor-widget-heading\" data-id=\"4d61d9f\" data-element_type=\"widget\" data-widget_type=\"heading.default\">\n\t\t\t\t<div class=\"elementor-widget-container\">\n\t\t\t<h2 class=\"elementor-heading-title elementor-size-default\">Aluri\u00ae Transportes<\/h2>\t\t<\/div>\n\t\t\t\t<\/div>\n\t\t\t\t<div class=\"elementor-element elementor-element-38735c3 elementor-widget elementor-widget-heading\" data-id=\"38735c3\" data-element_type=\"widget\" data-widget_type=\"heading.default\">\n\t\t\t\t<div class=\"elementor-widget-container\">\n\t\t\t<h2 class=\"elementor-heading-title elementor-size-default\">Transporte Seguro e Eficiente de Cargas Fracionadas<\/h2>\t\t<\/div>\n\t\t\t\t<\/div>\n\t\t\t\t<div class=\"elementor-element elementor-element-53ddd04 e-transform e-transform elementor-widget elementor-widget-text-editor\" data-id=\"53ddd04\" data-element_type=\"widget\" data-settings=\"{&quot;_transform_rotateZ_effect&quot;:{&quot;unit&quot;:&quot;px&quot;,&quot;size&quot;:&quot;&quot;,&quot;sizes&quot;:[]},&quot;_transform_rotateZ_effect_tablet&quot;:{&quot;unit&quot;:&quot;deg&quot;,&quot;size&quot;:&quot;&quot;,&quot;sizes&quot;:[]},&quot;_transform_rotateZ_effect_mobile&quot;:{&quot;unit&quot;:&quot;deg&quot;,&quot;size&quot;:&quot;&quot;,&quot;sizes&quot;:[]},&quot;_transform_translateX_effect&quot;:{&quot;unit&quot;:&quot;px&quot;,&quot;size&quot;:&quot;&quot;,&quot;sizes&quot;:[]},&quot;_transform_translateX_effect_tablet&quot;:{&quot;unit&quot;:&quot;px&quot;,&quot;size&quot;:&quot;&quot;,&quot;sizes&quot;:[]},&quot;_transform_translateX_effect_mobile&quot;:{&quot;unit&quot;:&quot;px&quot;,&quot;size&quot;:&quot;&quot;,&quot;sizes&quot;:[]},&quot;_transform_translateY_effect&quot;:{&quot;unit&quot;:&quot;px&quot;,&quot;size&quot;:&quot;&quot;,&quot;sizes&quot;:[]},&quot;_transform_translateY_effect_tablet&quot;:{&quot;unit&quot;:&quot;px&quot;,&quot;size&quot;:&quot;&quot;,&quot;sizes&quot;:[]},&quot;_transform_translateY_effect_mobile&quot;:{&quot;unit&quot;:&quot;px&quot;,&quot;size&quot;:&quot;&quot;,&quot;sizes&quot;:[]}}\" data-widget_type=\"text-editor.default\">\n\t\t\t\t<div class=\"elementor-widget-container\">\n\t\t\t\t\t\t\t<p>A <strong>Aluri\u00ae<\/strong> \u00e9 uma empresa especializada na distribui\u00e7\u00e3o de cargas fracionadas, atuando com excel\u00eancia nos estados de S\u00e3o Paulo, Rio de Janeiro, Minas Gerais, Paran\u00e1, Goi\u00e1s e Distrito Federal. Nossa miss\u00e3o \u00e9 oferecer solu\u00e7\u00f5es de transporte eficientes e seguras, adaptadas \u00e0s necessidades espec\u00edficas de cada cliente.<\/p><p>Possu\u00edmos ap\u00f3lice de seguros (RCF-DC e RCTR-C), averba\u00e7\u00e3o eletr\u00f4nica e uma frota rastreada, monitorada por uma equipe de gerenciamento de riscos altamente qualificada.<\/p>\t\t\t\t\t\t<\/div>\n\t\t\t\t<\/div>\n\t\t\t\t\t<\/div>\n\t\t<\/div>\n\t\t\t\t<div class=\"elementor-column elementor-col-50 elementor-top-column elementor-element elementor-element-222b6ab elementor-invisible\" data-id=\"222b6ab\" data-element_type=\"column\" data-settings=\"{&quot;animation&quot;:&quot;slideInRight&quot;}\">\n\t\t\t<div class=\"elementor-widget-wrap elementor-element-populated\">\n\t\t\t\t\t\t<div class=\"elementor-element elementor-element-4050e09 elementor-widget elementor-widget-image\" data-id=\"4050e09\" data-element_type=\"widget\" data-widget_type=\"image.default\">\n\t\t\t\t<div class=\"elementor-widget-container\">\n\t\t\t\t\t\t\t\t\t\t\t\t\t<img fetchpriority=\"high\" decoding=\"async\" width=\"750\" height=\"600\" src=\"https:\/\/aluri.com.br\/site2\/wp-content\/uploads\/2024\/10\/quem_somos4.jpg\" class=\"attachment-full size-full wp-image-3976\" alt=\"\" srcset=\"https:\/\/aluri.com.br\/site2\/wp-content\/uploads\/2024\/10\/quem_somos4.jpg 750w, https:\/\/aluri.com.br\/site2\/wp-content\/uploads\/2024\/10\/quem_somos4-300x240.jpg 300w\" sizes=\"(max-width: 750px) 100vw, 750px\" \/>\t\t\t\t\t\t\t\t\t\t\t\t\t<\/div>\n\t\t\t\t<\/div>\n\t\t\t\t\t<\/div>\n\t\t<\/div>\n\t\t\t\t\t<\/div>\n\t\t<\/section>\n\t\t<div class=\"elementor-element elementor-element-8bb3601 e-flex e-con-boxed wpr-particle-no wpr-jarallax-no wpr-parallax-no wpr-sticky-section-no e-con e-parent\" data-id=\"8bb3601\" data-element_type=\"container\">\n\t\t\t\t\t<div class=\"e-con-inner\">\n\t\t<div class=\"elementor-element elementor-element-d64684f e-con-full e-flex wpr-particle-no wpr-jarallax-no wpr-parallax-no wpr-sticky-section-no elementor-invisible e-con e-child\" data-id=\"d64684f\" data-element_type=\"container\" data-settings=\"{&quot;animation&quot;:&quot;slideInLeft&quot;}\">\n\t\t\t\t<div class=\"elementor-element elementor-element-8072f85 elementor-widget elementor-widget-text-editor\" data-id=\"8072f85\" data-element_type=\"widget\" data-widget_type=\"text-editor.default\">\n\t\t\t\t<div class=\"elementor-widget-container\">\n\t\t\t\t\t\t\t<p>Com certifica\u00e7\u00e3o da ANVISA, estamos preparados para o transporte de produtos farmac\u00eauticos e alimentos n\u00e3o perec\u00edveis, seguindo rigorosamente as legisla\u00e7\u00f5es sanit\u00e1rias vigentes e as especifica\u00e7\u00f5es dos fabricantes, garantindo a integridade e a qualidade dos produtos transportados.<\/p>\t\t\t\t\t\t<\/div>\n\t\t\t\t<\/div>\n\t\t\t\t<\/div>\n\t\t<div class=\"elementor-element elementor-element-f423a8a e-con-full e-flex wpr-particle-no wpr-jarallax-no wpr-parallax-no wpr-sticky-section-no elementor-invisible e-con e-child\" data-id=\"f423a8a\" data-element_type=\"container\" data-settings=\"{&quot;animation&quot;:&quot;slideInRight&quot;}\">\n\t\t\t\t<div class=\"elementor-element elementor-element-dc65d04 elementor-widget elementor-widget-text-editor\" data-id=\"dc65d04\" data-element_type=\"widget\" data-widget_type=\"text-editor.default\">\n\t\t\t\t<div class=\"elementor-widget-container\">\n\t\t\t\t\t\t\t<p>Nosso compromisso com a inova\u00e7\u00e3o e a qualidade nos permite oferecer servi\u00e7os de transporte diferenciados, utilizando tecnologia de ponta para assegurar a efici\u00eancia e a seguran\u00e7a em todas as etapas do processo log\u00edstico. Na <strong>Aluri\u00ae<\/strong>, a satisfa\u00e7\u00e3o do cliente \u00e9 nossa prioridade, e trabalhamos continuamente para superar as expectativas do mercado.<\/p>\t\t\t\t\t\t<\/div>\n\t\t\t\t<\/div>\n\t\t\t\t<\/div>\n\t\t\t\t\t<\/div>\n\t\t\t\t<\/div>\n\t\t<div class=\"elementor-element elementor-element-9e3d354 e-flex e-con-boxed wpr-particle-no wpr-jarallax-no wpr-parallax-no wpr-sticky-section-no e-con e-parent\" data-id=\"9e3d354\" data-element_type=\"container\" data-settings=\"{&quot;background_background&quot;:&quot;classic&quot;}\">\n\t\t\t\t\t<div class=\"e-con-inner\">\n\t\t<div class=\"elementor-element elementor-element-83cb332 e-con-full e-flex wpr-particle-no wpr-jarallax-no wpr-parallax-no wpr-sticky-section-no elementor-invisible e-con e-child\" data-id=\"83cb332\" data-element_type=\"container\" data-settings=\"{&quot;animation&quot;:&quot;slideInLeft&quot;}\">\n\t\t\t\t<div class=\"elementor-element elementor-element-84c30d8 elementor-widget elementor-widget-heading\" data-id=\"84c30d8\" data-element_type=\"widget\" data-widget_type=\"heading.default\">\n\t\t\t\t<div class=\"elementor-widget-container\">\n\t\t\t<h2 class=\"elementor-heading-title elementor-size-default\">Miss\u00e3o<\/h2>\t\t<\/div>\n\t\t\t\t<\/div>\n\t\t\t\t<div class=\"elementor-element elementor-element-4a0d138 elementor-widget elementor-widget-text-editor\" data-id=\"4a0d138\" data-element_type=\"widget\" data-widget_type=\"text-editor.default\">\n\t\t\t\t<div class=\"elementor-widget-container\">\n\t\t\t\t\t\t\t<p>Ter a prefer\u00eancia dos nossos clientes atrav\u00e9s da cria\u00e7\u00e3o de valor na presta\u00e7\u00e3o de servi\u00e7os de transporte de cargas, com base em qualidade e efici\u00eancia.<\/p>\t\t\t\t\t\t<\/div>\n\t\t\t\t<\/div>\n\t\t\t\t<\/div>\n\t\t<div class=\"elementor-element elementor-element-3c76b00 e-con-full e-flex wpr-particle-no wpr-jarallax-no wpr-parallax-no wpr-sticky-section-no elementor-invisible e-con e-child\" data-id=\"3c76b00\" data-element_type=\"container\" data-settings=\"{&quot;animation&quot;:&quot;slideInRight&quot;}\">\n\t\t\t\t<div class=\"elementor-element elementor-element-3ee4699 elementor-widget elementor-widget-heading\" data-id=\"3ee4699\" data-element_type=\"widget\" data-widget_type=\"heading.default\">\n\t\t\t\t<div class=\"elementor-widget-container\">\n\t\t\t<h2 class=\"elementor-heading-title elementor-size-default\">Vis\u00e3o<\/h2>\t\t<\/div>\n\t\t\t\t<\/div>\n\t\t\t\t<div class=\"elementor-element elementor-element-b82bdcb elementor-widget elementor-widget-text-editor\" data-id=\"b82bdcb\" data-element_type=\"widget\" data-widget_type=\"text-editor.default\">\n\t\t\t\t<div class=\"elementor-widget-container\">\n\t\t\t\t\t\t\t<p>Ser a unidade do cliente, respons\u00e1vel pela coleta e entrega de mercadorias, oferecendo uma rela\u00e7\u00e3o duradoura com foco em crescimento, rentabilidade e inova\u00e7\u00e3o.<\/p>\t\t\t\t\t\t<\/div>\n\t\t\t\t<\/div>\n\t\t\t\t<\/div>\n\t\t\t\t\t<\/div>\n\t\t\t\t<\/div>\n\t\t<div class=\"elementor-element elementor-element-1bff2d2 e-flex e-con-boxed wpr-particle-no wpr-jarallax-no wpr-parallax-no wpr-sticky-section-no e-con e-parent\" data-id=\"1bff2d2\" data-element_type=\"container\" data-settings=\"{&quot;background_background&quot;:&quot;classic&quot;}\">\n\t\t\t\t\t<div class=\"e-con-inner\">\n\t\t<div class=\"elementor-element elementor-element-13362fa e-con-full e-flex wpr-particle-no wpr-jarallax-no wpr-parallax-no wpr-sticky-section-no elementor-invisible e-con e-child\" data-id=\"13362fa\" data-element_type=\"container\" data-settings=\"{&quot;animation&quot;:&quot;slideInLeft&quot;}\">\n\t\t\t\t<div class=\"elementor-element elementor-element-87d4d6a elementor-widget elementor-widget-heading\" data-id=\"87d4d6a\" data-element_type=\"widget\" data-widget_type=\"heading.default\">\n\t\t\t\t<div class=\"elementor-widget-container\">\n\t\t\t<h2 class=\"elementor-heading-title elementor-size-default\">Valores<\/h2>\t\t<\/div>\n\t\t\t\t<\/div>\n\t\t\t\t<div class=\"elementor-element elementor-element-c46d478 elementor-widget elementor-widget-text-editor\" data-id=\"c46d478\" data-element_type=\"widget\" data-widget_type=\"text-editor.default\">\n\t\t\t\t<div class=\"elementor-widget-container\">\n\t\t\t\t\t\t\t<ul><li>Paix\u00e3o pela excel\u00eancia<\/li><li>Disciplina e \u00e9tica nos neg\u00f3cios<\/li><li>Compromisso e responsabilidade com as metas dos nossos clientes<\/li><li>Orgulho de pertencer a um time dedicado, estimulando a ajuda m\u00fatua na conquista do sucesso<\/li><\/ul>\t\t\t\t\t\t<\/div>\n\t\t\t\t<\/div>\n\t\t\t\t<\/div>\n\t\t\t\t\t<\/div>\n\t\t\t\t<\/div>\n\t\t\t\t<section class=\"elementor-section elementor-top-section elementor-element elementor-element-704cb94e elementor-section-boxed elementor-section-height-default elementor-section-height-default wpr-particle-no wpr-jarallax-no wpr-parallax-no wpr-sticky-section-no\" data-id=\"704cb94e\" data-element_type=\"section\" data-settings=\"{&quot;background_background&quot;:&quot;classic&quot;}\">\n\t\t\t\t\t\t\t<div class=\"elementor-background-overlay\"><\/div>\n\t\t\t\t\t\t\t<div class=\"elementor-container elementor-column-gap-default\">\n\t\t\t\t\t<div class=\"elementor-column elementor-col-33 elementor-top-column elementor-element elementor-element-719a13d9 elementor-invisible\" data-id=\"719a13d9\" data-element_type=\"column\" data-settings=\"{&quot;animation&quot;:&quot;fadeIn&quot;}\">\n\t\t\t<div class=\"elementor-widget-wrap elementor-element-populated\">\n\t\t\t\t\t\t<div class=\"elementor-element elementor-element-26700f62 elementor-widget elementor-widget-heading\" data-id=\"26700f62\" data-element_type=\"widget\" data-widget_type=\"heading.default\">\n\t\t\t\t<div class=\"elementor-widget-container\">\n\t\t\t<h2 class=\"elementor-heading-title elementor-size-default\">COMPROMISSO E RESPONSABILIDADE<\/h2>\t\t<\/div>\n\t\t\t\t<\/div>\n\t\t\t\t<div class=\"elementor-element elementor-element-c28dac8 elementor-widget elementor-widget-heading\" data-id=\"c28dac8\" data-element_type=\"widget\" data-widget_type=\"heading.default\">\n\t\t\t\t<div class=\"elementor-widget-container\">\n\t\t\t<h2 class=\"elementor-heading-title elementor-size-default\">GARANTIA DE AGILIDADE E SEGURAN\u00c7A NA APURA\u00c7\u00c3O DE RISCOS<\/h2>\t\t<\/div>\n\t\t\t\t<\/div>\n\t\t\t\t<div class=\"elementor-element elementor-element-60a83ff6 elementor-widget elementor-widget-text-editor\" data-id=\"60a83ff6\" data-element_type=\"widget\" data-widget_type=\"text-editor.default\">\n\t\t\t\t<div class=\"elementor-widget-container\">\n\t\t\t\t\t\t\t<p>Na Aluri\u00ae, nosso compromisso com a excel\u00eancia vai al\u00e9m do transporte. Investimos continuamente em tecnologias e pr\u00e1ticas que asseguram a integridade de suas mercadorias, minimizando riscos e garantindo uma opera\u00e7\u00e3o \u00e1gil e segura. Assista ao nosso v\u00eddeo institucional e conhe\u00e7a mais sobre como nos dedicamos a proteger o que \u00e9 importante para voc\u00ea.<\/p>\t\t\t\t\t\t<\/div>\n\t\t\t\t<\/div>\n\t\t\t\t\t<\/div>\n\t\t<\/div>\n\t\t\t\t<div class=\"elementor-column elementor-col-33 elementor-top-column elementor-element elementor-element-7b7c8fb1 elementor-invisible\" data-id=\"7b7c8fb1\" data-element_type=\"column\" data-settings=\"{&quot;animation&quot;:&quot;fadeIn&quot;}\">\n\t\t\t<div class=\"elementor-widget-wrap elementor-element-populated\">\n\t\t\t\t\t\t<section class=\"elementor-section elementor-inner-section elementor-element elementor-element-5b7c7055 elementor-section-boxed elementor-section-height-default elementor-section-height-default wpr-particle-no wpr-jarallax-no wpr-parallax-no wpr-sticky-section-no\" data-id=\"5b7c7055\" data-element_type=\"section\">\n\t\t\t\t\t\t<div class=\"elementor-container elementor-column-gap-default\">\n\t\t\t\t\t<div class=\"elementor-column elementor-col-100 elementor-inner-column elementor-element elementor-element-5c749b5c\" data-id=\"5c749b5c\" data-element_type=\"column\">\n\t\t\t<div class=\"elementor-widget-wrap elementor-element-populated\">\n\t\t\t\t\t\t<div class=\"elementor-element elementor-element-493a336e elementor-widget elementor-widget-video\" data-id=\"493a336e\" data-element_type=\"widget\" data-settings=\"{&quot;youtube_url&quot;:&quot;https:\\\/\\\/www.youtube.com\\\/watch?v=5W2MAavhNxs&quot;,&quot;show_image_overlay&quot;:&quot;yes&quot;,&quot;image_overlay&quot;:{&quot;url&quot;:&quot;https:\\\/\\\/aluri.com.br\\\/site\\\/wp-content\\\/uploads\\\/2024\\\/08\\\/Rectangle-1.png&quot;,&quot;id&quot;:1980,&quot;size&quot;:&quot;&quot;},&quot;lightbox&quot;:&quot;yes&quot;,&quot;video_type&quot;:&quot;youtube&quot;,&quot;controls&quot;:&quot;yes&quot;}\" data-widget_type=\"video.default\">\n\t\t\t\t<div class=\"elementor-widget-container\">\n\t\t\t\t\t<div class=\"elementor-wrapper elementor-open-lightbox\">\n\t\t\t\t\t\t\t<div class=\"elementor-custom-embed-image-overlay\" data-elementor-open-lightbox=\"yes\" data-elementor-lightbox=\"{&quot;type&quot;:&quot;video&quot;,&quot;videoType&quot;:&quot;youtube&quot;,&quot;url&quot;:&quot;https:\\\/\\\/www.youtube.com\\\/embed\\\/5W2MAavhNxs?feature=oembed&amp;start&amp;end&amp;wmode=opaque&amp;loop=0&amp;controls=1&amp;mute=0&amp;rel=0&amp;modestbranding=0&quot;,&quot;autoplay&quot;:&quot;&quot;,&quot;modalOptions&quot;:{&quot;id&quot;:&quot;elementor-lightbox-493a336e&quot;,&quot;entranceAnimation&quot;:&quot;&quot;,&quot;entranceAnimation_tablet&quot;:&quot;&quot;,&quot;entranceAnimation_mobile&quot;:&quot;&quot;,&quot;videoAspectRatio&quot;:&quot;169&quot;}}\" data-e-action-hash=\"#elementor-action%3Aaction%3Dlightbox%26settings%3DeyJ0eXBlIjoidmlkZW8iLCJ2aWRlb1R5cGUiOiJ5b3V0dWJlIiwidXJsIjoiaHR0cHM6XC9cL3d3dy55b3V0dWJlLmNvbVwvZW1iZWRcLzVXMk1BYXZoTnhzP2ZlYXR1cmU9b2VtYmVkJnN0YXJ0JmVuZCZ3bW9kZT1vcGFxdWUmbG9vcD0wJmNvbnRyb2xzPTEmbXV0ZT0wJnJlbD0wJm1vZGVzdGJyYW5kaW5nPTAiLCJhdXRvcGxheSI6IiIsIm1vZGFsT3B0aW9ucyI6eyJpZCI6ImVsZW1lbnRvci1saWdodGJveC00OTNhMzM2ZSIsImVudHJhbmNlQW5pbWF0aW9uIjoiIiwiZW50cmFuY2VBbmltYXRpb25fdGFibGV0IjoiIiwiZW50cmFuY2VBbmltYXRpb25fbW9iaWxlIjoiIiwidmlkZW9Bc3BlY3RSYXRpbyI6IjE2OSJ9fQ%3D%3D\">\n\t\t\t\t\t\t\t\t\t\t\t<img decoding=\"async\" width=\"1\" height=\"1\" src=\"https:\/\/aluri.com.br\/site2\/wp-content\/uploads\/2024\/08\/Rectangle-1.png\" class=\"attachment-full size-full wp-image-1980\" alt=\"\" \/>\t\t\t\t\t\t\t\t\t\t\t\t\t\t\t\t<div class=\"elementor-custom-embed-play\" role=\"button\" aria-label=\"Reproduzir v\u00eddeo\" tabindex=\"0\">\n\t\t\t\t\t\t\t<svg aria-hidden=\"true\" class=\"e-font-icon-svg e-eicon-play\" viewBox=\"0 0 1000 1000\" xmlns=\"http:\/\/www.w3.org\/2000\/svg\"><path d=\"M838 162C746 71 633 25 500 25 371 25 258 71 163 162 71 254 25 367 25 500 25 633 71 746 163 837 254 929 367 979 500 979 633 979 746 933 838 837 929 746 975 633 975 500 975 367 929 254 838 162M808 192C892 279 933 379 933 500 933 621 892 725 808 808 725 892 621 938 500 938 379 938 279 896 196 808 113 725 67 621 67 500 67 379 108 279 196 192 279 108 383 62 500 62 621 62 721 108 808 192M438 392V642L642 517 438 392Z\"><\/path><\/svg>\t\t\t\t\t\t\t<span class=\"elementor-screen-only\">Reproduzir v\u00eddeo<\/span>\n\t\t\t\t\t\t<\/div>\n\t\t\t\t\t\t\t\t\t<\/div>\n\t\t\t\t\t<\/div>\n\t\t\t\t<\/div>\n\t\t\t\t<\/div>\n\t\t\t\t\t<\/div>\n\t\t<\/div>\n\t\t\t\t\t<\/div>\n\t\t<\/section>\n\t\t\t\t\t<\/div>\n\t\t<\/div>\n\t\t\t\t<div class=\"elementor-column elementor-col-33 elementor-top-column elementor-element elementor-element-39216cc elementor-hidden-tablet elementor-hidden-mobile elementor-invisible\" data-id=\"39216cc\" data-element_type=\"column\" data-settings=\"{&quot;animation&quot;:&quot;fadeIn&quot;}\">\n\t\t\t<div class=\"elementor-widget-wrap\">\n\t\t\t\t\t\t\t<\/div>\n\t\t<\/div>\n\t\t\t\t\t<\/div>\n\t\t<\/section>\n\t\t\t\t<\/div>\n\t\t","protected":false},"excerpt":{"rendered":"<p>Quem Somos Log\u00edstica segura e eficiente para cargas fracionadas, com frota rastreada, certifica\u00e7\u00e3o ANVISA, e foco na satisfa\u00e7\u00e3o do cliente Aluri\u00ae Transportes Transporte Seguro e Eficiente de Cargas Fracionadas A Aluri\u00ae \u00e9 uma empresa especializada na distribui\u00e7\u00e3o de cargas fracionadas, atuando com excel\u00eancia nos estados de S\u00e3o Paulo, Rio de Janeiro, Minas Gerais, Paran\u00e1, Goi\u00e1s e Distrito Federal. Nossa miss\u00e3o \u00e9 oferecer solu\u00e7\u00f5es de transporte eficientes e seguras, adaptadas \u00e0s necessidades espec\u00edficas de cada cliente. Possu\u00edmos ap\u00f3lice de seguros (RCF-DC e RCTR-C), averba\u00e7\u00e3o eletr\u00f4nica e uma frota rastreada, monitorada por uma equipe de gerenciamento de riscos altamente qualificada. Com certifica\u00e7\u00e3o da ANVISA, estamos preparados para o transporte de produtos farmac\u00eauticos e alimentos n\u00e3o perec\u00edveis, seguindo rigorosamente as legisla\u00e7\u00f5es sanit\u00e1rias vigentes e as especifica\u00e7\u00f5es dos fabricantes, garantindo a integridade e a qualidade dos produtos transportados. Nosso compromisso com a inova\u00e7\u00e3o e a qualidade nos permite oferecer servi\u00e7os de transporte diferenciados, utilizando tecnologia de ponta para assegurar a efici\u00eancia e a seguran\u00e7a em todas as etapas do processo log\u00edstico. Na Aluri\u00ae, a satisfa\u00e7\u00e3o do cliente \u00e9 nossa prioridade, e trabalhamos continuamente para superar as expectativas do mercado. Miss\u00e3o Ter a prefer\u00eancia dos nossos clientes atrav\u00e9s da cria\u00e7\u00e3o de valor na presta\u00e7\u00e3o de servi\u00e7os de transporte de cargas, com base em qualidade e efici\u00eancia. Vis\u00e3o Ser a unidade do cliente, respons\u00e1vel pela coleta e entrega de mercadorias, oferecendo uma rela\u00e7\u00e3o duradoura com foco em crescimento, rentabilidade e inova\u00e7\u00e3o. Valores Paix\u00e3o pela excel\u00eancia Disciplina e \u00e9tica nos neg\u00f3cios Compromisso e responsabilidade com as metas dos nossos clientes Orgulho de pertencer a um time dedicado, estimulando a ajuda m\u00fatua na conquista do sucesso COMPROMISSO E RESPONSABILIDADE GARANTIA DE AGILIDADE E SEGURAN\u00c7A NA APURA\u00c7\u00c3O DE RISCOS Na Aluri\u00ae, nosso compromisso com a excel\u00eancia vai al\u00e9m do transporte. Investimos continuamente em tecnologias e pr\u00e1ticas que asseguram a integridade de suas mercadorias, minimizando riscos e garantindo uma opera\u00e7\u00e3o \u00e1gil e segura. Assista ao nosso v\u00eddeo institucional e conhe\u00e7a mais sobre como nos dedicamos a proteger o que \u00e9 importante para voc\u00ea. https:\/\/www.youtube.com\/watch?v=5W2MAavhNxs<\/p>\n","protected":false},"author":1,"featured_media":0,"parent":0,"menu_order":0,"comment_status":"closed","ping_status":"closed","template":"elementor_canvas","meta":{"footnotes":""},"class_list":["post-9","page","type-page","status-publish","hentry"],"_links":{"self":[{"href":"https:\/\/aluri.com.br\/site2\/wp-json\/wp\/v2\/pages\/9","targetHints":{"allow":["GET"]}}],"collection":[{"href":"https:\/\/aluri.com.br\/site2\/wp-json\/wp\/v2\/pages"}],"about":[{"href":"https:\/\/aluri.com.br\/site2\/wp-json\/wp\/v2\/types\/page"}],"author":[{"embeddable":true,"href":"https:\/\/aluri.com.br\/site2\/wp-json\/wp\/v2\/users\/1"}],"replies":[{"embeddable":true,"href":"https:\/\/aluri.com.br\/site2\/wp-json\/wp\/v2\/comments?post=9"}],"version-history":[{"count":33,"href":"https:\/\/aluri.com.br\/site2\/wp-json\/wp\/v2\/pages\/9\/revisions"}],"predecessor-version":[{"id":4244,"href":"https:\/\/aluri.com.br\/site2\/wp-json\/wp\/v2\/pages\/9\/revisions\/4244"}],"wp:attachment":[{"href":"https:\/\/aluri.com.br\/site2\/wp-json\/wp\/v2\/media?parent=9"}],"curies":[{"name":"wp","href":"https:\/\/api.w.org\/{rel}","templated":true}]}}