{"id":3356,"date":"2024-09-03T15:31:32","date_gmt":"2024-09-03T18:31:32","guid":{"rendered":"https:\/\/aluri.com.br\/site2\/?page_id=3356"},"modified":"2024-09-10T07:27:21","modified_gmt":"2024-09-10T10:27:21","slug":"solicitar-cotacao","status":"publish","type":"page","link":"https:\/\/aluri.com.br\/site2\/solicitar-cotacao\/","title":{"rendered":"Solicitar Cota\u00e7\u00e3o"},"content":{"rendered":"\t\t<div data-elementor-type=\"wp-page\" data-elementor-id=\"3356\" class=\"elementor elementor-3356\">\n\t\t\t\t\t\t<section class=\"elementor-section elementor-top-section elementor-element elementor-element-5170393 elementor-section-boxed elementor-section-height-default elementor-section-height-default wpr-particle-no wpr-jarallax-no wpr-parallax-no wpr-sticky-section-no\" data-id=\"5170393\" data-element_type=\"section\" data-settings=\"{&quot;background_background&quot;:&quot;classic&quot;}\">\n\t\t\t\t\t\t\t<div class=\"elementor-background-overlay\"><\/div>\n\t\t\t\t\t\t\t<div class=\"elementor-container elementor-column-gap-default\">\n\t\t\t\t\t<div class=\"elementor-column elementor-col-100 elementor-top-column elementor-element elementor-element-c53ab0d\" data-id=\"c53ab0d\" data-element_type=\"column\">\n\t\t\t<div class=\"elementor-widget-wrap elementor-element-populated\">\n\t\t\t\t\t\t<div class=\"elementor-element elementor-element-b709dc4 elementor-widget elementor-widget-heading\" data-id=\"b709dc4\" data-element_type=\"widget\" data-widget_type=\"heading.default\">\n\t\t\t\t<div class=\"elementor-widget-container\">\n\t\t\t<h2 class=\"elementor-heading-title elementor-size-default\">Solicitar Cota\u00e7\u00e3o<\/h2>\t\t<\/div>\n\t\t\t\t<\/div>\n\t\t\t\t\t<\/div>\n\t\t<\/div>\n\t\t\t\t\t<\/div>\n\t\t<\/section>\n\t\t<div class=\"elementor-element elementor-element-39dd496 e-flex e-con-boxed wpr-particle-no wpr-jarallax-no wpr-parallax-no wpr-sticky-section-no e-con e-parent\" data-id=\"39dd496\" data-element_type=\"container\">\n\t\t\t\t\t<div class=\"e-con-inner\">\n\t\t<div class=\"elementor-element elementor-element-96545be e-con-full e-flex wpr-particle-no wpr-jarallax-no wpr-parallax-no wpr-sticky-section-no e-con e-child\" data-id=\"96545be\" data-element_type=\"container\">\n\t\t\t\t<div class=\"elementor-element elementor-element-0e12b77 elementor-widget elementor-widget-heading\" data-id=\"0e12b77\" data-element_type=\"widget\" data-widget_type=\"heading.default\">\n\t\t\t\t<div class=\"elementor-widget-container\">\n\t\t\t<h2 class=\"elementor-heading-title elementor-size-default\">Solicitar Cota\u00e7\u00e3o<\/h2>\t\t<\/div>\n\t\t\t\t<\/div>\n\t\t\t\t<div class=\"elementor-element elementor-element-fe5f9a2 elementor-widget elementor-widget-text-editor\" data-id=\"fe5f9a2\" data-element_type=\"widget\" data-widget_type=\"text-editor.default\">\n\t\t\t\t<div class=\"elementor-widget-container\">\n\t\t\t\t\t\t\t<p>Disponibilizamos a solicita\u00e7\u00e3o de cota\u00e7\u00e3o diretamente pelo nosso site, sem a necessidade de contato telef\u00f4nico com o SAC. Siga as instru\u00e7\u00f5es abaixo e preencha as informa\u00e7\u00f5es nos campos ao lado. Nossa equipe ir\u00e1 processar sua solicita\u00e7\u00e3o e retornar com a cota\u00e7\u00e3o o mais breve poss\u00edvel.<\/p>\t\t\t\t\t\t<\/div>\n\t\t\t\t<\/div>\n\t\t\t\t<\/div>\n\t\t<div class=\"elementor-element elementor-element-f4bed1f e-con-full e-flex wpr-particle-no wpr-jarallax-no wpr-parallax-no wpr-sticky-section-no e-con e-child\" data-id=\"f4bed1f\" data-element_type=\"container\">\n\t\t\t\t<div class=\"elementor-element elementor-element-2352032 elementor-widget__width-initial elementor-widget elementor-widget-html\" data-id=\"2352032\" data-element_type=\"widget\" data-widget_type=\"html.default\">\n\t\t\t\t<div class=\"elementor-widget-container\">\n\t\t\t<iframe id=\"XXX\" src=\"https:\/\/ssw.inf.br\/2\/cotacao?id=52&sc=N&sm=N&sigla_emp=ALR\" name=\"XXX\" width=\"500\" height=\"700\" frameborder=\"0\" marginwidth=\"0\" marginheight=\"0\" scrolling=\"no\"><\/iframe>\t\t<\/div>\n\t\t\t\t<\/div>\n\t\t\t\t<\/div>\n\t\t\t\t\t<\/div>\n\t\t\t\t<\/div>\n\t\t\t\t<\/div>\n\t\t","protected":false},"excerpt":{"rendered":"<p>Solicitar Cota\u00e7\u00e3o Solicitar Cota\u00e7\u00e3o Disponibilizamos a solicita\u00e7\u00e3o de cota\u00e7\u00e3o diretamente pelo nosso site, sem a necessidade de contato telef\u00f4nico com o SAC. Siga as instru\u00e7\u00f5es abaixo e preencha as informa\u00e7\u00f5es nos campos ao lado. Nossa equipe ir\u00e1 processar sua solicita\u00e7\u00e3o e retornar com a cota\u00e7\u00e3o o mais breve poss\u00edvel.<\/p>\n","protected":false},"author":1,"featured_media":0,"parent":0,"menu_order":0,"comment_status":"closed","ping_status":"closed","template":"elementor_canvas","meta":{"footnotes":""},"class_list":["post-3356","page","type-page","status-publish","hentry"],"_links":{"self":[{"href":"https:\/\/aluri.com.br\/site2\/wp-json\/wp\/v2\/pages\/3356","targetHints":{"allow":["GET"]}}],"collection":[{"href":"https:\/\/aluri.com.br\/site2\/wp-json\/wp\/v2\/pages"}],"about":[{"href":"https:\/\/aluri.com.br\/site2\/wp-json\/wp\/v2\/types\/page"}],"author":[{"embeddable":true,"href":"https:\/\/aluri.com.br\/site2\/wp-json\/wp\/v2\/users\/1"}],"replies":[{"embeddable":true,"href":"https:\/\/aluri.com.br\/site2\/wp-json\/wp\/v2\/comments?post=3356"}],"version-history":[{"count":0,"href":"https:\/\/aluri.com.br\/site2\/wp-json\/wp\/v2\/pages\/3356\/revisions"}],"wp:attachment":[{"href":"https:\/\/aluri.com.br\/site2\/wp-json\/wp\/v2\/media?parent=3356"}],"curies":[{"name":"wp","href":"https:\/\/api.w.org\/{rel}","templated":true}]}}