{"id":3060,"date":"2024-08-22T08:10:51","date_gmt":"2024-08-22T11:10:51","guid":{"rendered":"https:\/\/aluri.com.br\/site2\/?page_id=3060"},"modified":"2024-09-11T07:03:53","modified_gmt":"2024-09-11T10:03:53","slug":"certificacoes","status":"publish","type":"page","link":"https:\/\/aluri.com.br\/site2\/certificacoes\/","title":{"rendered":"Certifica\u00e7\u00f5es"},"content":{"rendered":"\t\t<div data-elementor-type=\"wp-page\" data-elementor-id=\"3060\" class=\"elementor elementor-3060\">\n\t\t\t\t\t\t<section class=\"elementor-section elementor-top-section elementor-element elementor-element-6f4f514 elementor-section-boxed elementor-section-height-default elementor-section-height-default wpr-particle-no wpr-jarallax-no wpr-parallax-no wpr-sticky-section-no\" data-id=\"6f4f514\" data-element_type=\"section\" data-settings=\"{&quot;background_background&quot;:&quot;classic&quot;}\">\n\t\t\t\t\t\t\t<div class=\"elementor-background-overlay\"><\/div>\n\t\t\t\t\t\t\t<div class=\"elementor-container elementor-column-gap-default\">\n\t\t\t\t\t<div class=\"elementor-column elementor-col-100 elementor-top-column elementor-element elementor-element-ec20933\" data-id=\"ec20933\" data-element_type=\"column\">\n\t\t\t<div class=\"elementor-widget-wrap elementor-element-populated\">\n\t\t\t\t\t\t<div class=\"elementor-element elementor-element-d5cb54f elementor-widget elementor-widget-heading\" data-id=\"d5cb54f\" data-element_type=\"widget\" data-widget_type=\"heading.default\">\n\t\t\t\t<div class=\"elementor-widget-container\">\n\t\t\t<h2 class=\"elementor-heading-title elementor-size-default\">Certifica\u00e7\u00f5es<\/h2>\t\t<\/div>\n\t\t\t\t<\/div>\n\t\t\t\t\t<\/div>\n\t\t<\/div>\n\t\t\t\t\t<\/div>\n\t\t<\/section>\n\t\t<div class=\"elementor-element elementor-element-e933407 e-flex e-con-boxed wpr-particle-no wpr-jarallax-no wpr-parallax-no wpr-sticky-section-no e-con e-parent\" data-id=\"e933407\" data-element_type=\"container\">\n\t\t\t\t\t<div class=\"e-con-inner\">\n\t\t\t\t<div class=\"elementor-element elementor-element-21db790 elementor-view-default elementor-position-top elementor-mobile-position-top elementor-widget elementor-widget-icon-box\" data-id=\"21db790\" data-element_type=\"widget\" data-widget_type=\"icon-box.default\">\n\t\t\t\t<div class=\"elementor-widget-container\">\n\t\t\t\t\t<div class=\"elementor-icon-box-wrapper\">\n\n\t\t\t\t\t\t<div class=\"elementor-icon-box-icon\">\n\t\t\t\t<span  class=\"elementor-icon elementor-animation-\">\n\t\t\t\t<svg aria-hidden=\"true\" class=\"e-font-icon-svg e-fas-check-circle\" viewBox=\"0 0 512 512\" xmlns=\"http:\/\/www.w3.org\/2000\/svg\"><path d=\"M504 256c0 136.967-111.033 248-248 248S8 392.967 8 256 119.033 8 256 8s248 111.033 248 248zM227.314 387.314l184-184c6.248-6.248 6.248-16.379 0-22.627l-22.627-22.627c-6.248-6.249-16.379-6.249-22.628 0L216 308.118l-70.059-70.059c-6.248-6.248-16.379-6.248-22.628 0l-22.627 22.627c-6.248 6.248-6.248 16.379 0 22.627l104 104c6.249 6.249 16.379 6.249 22.628.001z\"><\/path><\/svg>\t\t\t\t<\/span>\n\t\t\t<\/div>\n\t\t\t\n\t\t\t\t\t\t<div class=\"elementor-icon-box-content\">\n\n\t\t\t\t\t\t\t\t\t<h3 class=\"elementor-icon-box-title\">\n\t\t\t\t\t\t<span  >\n\t\t\t\t\t\t\tANVISA\t\t\t\t\t\t<\/span>\n\t\t\t\t\t<\/h3>\n\t\t\t\t\n\t\t\t\t\t\t\t\t\t<p class=\"elementor-icon-box-description\">\n\t\t\t\t\t\tTemos certifica\u00e7\u00e3o da ANVISA e contamos com uma estrutura robusta para o transporte de produtos farmac\u00eauticos e alimentos n\u00e3o perec\u00edveis. Seguimos rigorosamente as legisla\u00e7\u00f5es sanit\u00e1rias vigentes e as especifica\u00e7\u00f5es dos fabricantes, garantindo a integridade e a seguran\u00e7a dos produtos transportados.\t\t\t\t\t<\/p>\n\t\t\t\t\n\t\t\t<\/div>\n\t\t\t\n\t\t<\/div>\n\t\t\t\t<\/div>\n\t\t\t\t<\/div>\n\t\t\t\t\t<\/div>\n\t\t\t\t<\/div>\n\t\t<div class=\"elementor-element elementor-element-de87c02 e-flex e-con-boxed wpr-particle-no wpr-jarallax-no wpr-parallax-no wpr-sticky-section-no e-con e-parent\" data-id=\"de87c02\" data-element_type=\"container\">\n\t\t\t\t\t<div class=\"e-con-inner\">\n\t\t<div class=\"elementor-element elementor-element-61eeea7 e-con-full e-flex wpr-particle-no wpr-jarallax-no wpr-parallax-no wpr-sticky-section-no e-con e-child\" data-id=\"61eeea7\" data-element_type=\"container\">\n\t\t\t\t<div class=\"elementor-element elementor-element-5ed4c12 elementor-widget elementor-widget-image\" data-id=\"5ed4c12\" data-element_type=\"widget\" data-widget_type=\"image.default\">\n\t\t\t\t<div class=\"elementor-widget-container\">\n\t\t\t\t\t\t\t\t\t\t\t\t\t<img fetchpriority=\"high\" decoding=\"async\" width=\"960\" height=\"622\" src=\"https:\/\/aluri.com.br\/site2\/wp-content\/uploads\/2024\/09\/apolice1-1024x663.jpg\" class=\"attachment-large size-large wp-image-3522\" alt=\"\" srcset=\"https:\/\/aluri.com.br\/site2\/wp-content\/uploads\/2024\/09\/apolice1-1024x663.jpg 1024w, https:\/\/aluri.com.br\/site2\/wp-content\/uploads\/2024\/09\/apolice1-300x194.jpg 300w, https:\/\/aluri.com.br\/site2\/wp-content\/uploads\/2024\/09\/apolice1-768x497.jpg 768w, https:\/\/aluri.com.br\/site2\/wp-content\/uploads\/2024\/09\/apolice1.jpg 1050w\" sizes=\"(max-width: 960px) 100vw, 960px\" \/>\t\t\t\t\t\t\t\t\t\t\t\t\t<\/div>\n\t\t\t\t<\/div>\n\t\t\t\t<\/div>\n\t\t<div class=\"elementor-element elementor-element-8f6804c e-con-full e-flex wpr-particle-no wpr-jarallax-no wpr-parallax-no wpr-sticky-section-no e-con e-child\" data-id=\"8f6804c\" data-element_type=\"container\">\n\t\t\t\t<div class=\"elementor-element elementor-element-b34e5aa elementor-widget elementor-widget-image\" data-id=\"b34e5aa\" data-element_type=\"widget\" data-widget_type=\"image.default\">\n\t\t\t\t<div class=\"elementor-widget-container\">\n\t\t\t\t\t\t\t\t\t\t\t\t\t<img decoding=\"async\" width=\"960\" height=\"622\" src=\"https:\/\/aluri.com.br\/site2\/wp-content\/uploads\/2024\/09\/apolice2-1024x663.jpg\" class=\"attachment-large size-large wp-image-3521\" alt=\"\" srcset=\"https:\/\/aluri.com.br\/site2\/wp-content\/uploads\/2024\/09\/apolice2-1024x663.jpg 1024w, https:\/\/aluri.com.br\/site2\/wp-content\/uploads\/2024\/09\/apolice2-300x194.jpg 300w, https:\/\/aluri.com.br\/site2\/wp-content\/uploads\/2024\/09\/apolice2-768x497.jpg 768w, https:\/\/aluri.com.br\/site2\/wp-content\/uploads\/2024\/09\/apolice2.jpg 1050w\" sizes=\"(max-width: 960px) 100vw, 960px\" \/>\t\t\t\t\t\t\t\t\t\t\t\t\t<\/div>\n\t\t\t\t<\/div>\n\t\t\t\t<\/div>\n\t\t<div class=\"elementor-element elementor-element-8b7f97e e-con-full e-flex wpr-particle-no wpr-jarallax-no wpr-parallax-no wpr-sticky-section-no e-con e-child\" data-id=\"8b7f97e\" data-element_type=\"container\">\n\t\t\t\t<div class=\"elementor-element elementor-element-c9410f3 elementor-widget elementor-widget-image\" data-id=\"c9410f3\" data-element_type=\"widget\" data-widget_type=\"image.default\">\n\t\t\t\t<div class=\"elementor-widget-container\">\n\t\t\t\t\t\t\t\t\t\t\t\t\t<img decoding=\"async\" width=\"677\" height=\"1024\" src=\"https:\/\/aluri.com.br\/site2\/wp-content\/uploads\/2024\/09\/certidao1-677x1024.jpg\" class=\"attachment-large size-large wp-image-3524\" alt=\"\" srcset=\"https:\/\/aluri.com.br\/site2\/wp-content\/uploads\/2024\/09\/certidao1-677x1024.jpg 677w, https:\/\/aluri.com.br\/site2\/wp-content\/uploads\/2024\/09\/certidao1-198x300.jpg 198w, https:\/\/aluri.com.br\/site2\/wp-content\/uploads\/2024\/09\/certidao1.jpg 760w\" sizes=\"(max-width: 677px) 100vw, 677px\" \/>\t\t\t\t\t\t\t\t\t\t\t\t\t<\/div>\n\t\t\t\t<\/div>\n\t\t\t\t<\/div>\n\t\t<div class=\"elementor-element elementor-element-217d579 e-con-full e-flex wpr-particle-no wpr-jarallax-no wpr-parallax-no wpr-sticky-section-no e-con e-child\" data-id=\"217d579\" data-element_type=\"container\">\n\t\t\t\t<div class=\"elementor-element elementor-element-05ebf78 elementor-widget elementor-widget-image\" data-id=\"05ebf78\" data-element_type=\"widget\" data-widget_type=\"image.default\">\n\t\t\t\t<div class=\"elementor-widget-container\">\n\t\t\t\t\t\t\t\t\t\t\t\t\t<img loading=\"lazy\" decoding=\"async\" width=\"677\" height=\"1024\" src=\"https:\/\/aluri.com.br\/site2\/wp-content\/uploads\/2024\/09\/certidao2-677x1024.jpg\" class=\"attachment-large size-large wp-image-3525\" alt=\"\" srcset=\"https:\/\/aluri.com.br\/site2\/wp-content\/uploads\/2024\/09\/certidao2-677x1024.jpg 677w, https:\/\/aluri.com.br\/site2\/wp-content\/uploads\/2024\/09\/certidao2-198x300.jpg 198w, https:\/\/aluri.com.br\/site2\/wp-content\/uploads\/2024\/09\/certidao2.jpg 760w\" sizes=\"(max-width: 677px) 100vw, 677px\" \/>\t\t\t\t\t\t\t\t\t\t\t\t\t<\/div>\n\t\t\t\t<\/div>\n\t\t\t\t<\/div>\n\t\t<div class=\"elementor-element elementor-element-3840f8a e-con-full e-flex wpr-particle-no wpr-jarallax-no wpr-parallax-no wpr-sticky-section-no e-con e-child\" data-id=\"3840f8a\" data-element_type=\"container\">\n\t\t\t\t<div class=\"elementor-element elementor-element-e5b67e5 elementor-widget elementor-widget-image\" data-id=\"e5b67e5\" data-element_type=\"widget\" data-widget_type=\"image.default\">\n\t\t\t\t<div class=\"elementor-widget-container\">\n\t\t\t\t\t\t\t\t\t\t\t\t\t<img loading=\"lazy\" decoding=\"async\" width=\"677\" height=\"1024\" src=\"https:\/\/aluri.com.br\/site2\/wp-content\/uploads\/2024\/09\/certidao3-677x1024.jpg\" class=\"attachment-large size-large wp-image-3526\" alt=\"\" srcset=\"https:\/\/aluri.com.br\/site2\/wp-content\/uploads\/2024\/09\/certidao3-677x1024.jpg 677w, https:\/\/aluri.com.br\/site2\/wp-content\/uploads\/2024\/09\/certidao3-198x300.jpg 198w, https:\/\/aluri.com.br\/site2\/wp-content\/uploads\/2024\/09\/certidao3.jpg 760w\" sizes=\"(max-width: 677px) 100vw, 677px\" \/>\t\t\t\t\t\t\t\t\t\t\t\t\t<\/div>\n\t\t\t\t<\/div>\n\t\t\t\t<\/div>\n\t\t<div class=\"elementor-element elementor-element-f57c894 e-con-full e-flex wpr-particle-no wpr-jarallax-no wpr-parallax-no wpr-sticky-section-no e-con e-child\" data-id=\"f57c894\" data-element_type=\"container\">\n\t\t\t\t<div class=\"elementor-element elementor-element-cec2b7d elementor-widget elementor-widget-image\" data-id=\"cec2b7d\" data-element_type=\"widget\" data-widget_type=\"image.default\">\n\t\t\t\t<div class=\"elementor-widget-container\">\n\t\t\t\t\t\t\t\t\t\t\t\t\t<img loading=\"lazy\" decoding=\"async\" width=\"677\" height=\"1024\" src=\"https:\/\/aluri.com.br\/site2\/wp-content\/uploads\/2024\/09\/certidao4-677x1024.jpg\" class=\"attachment-large size-large wp-image-3523\" alt=\"\" srcset=\"https:\/\/aluri.com.br\/site2\/wp-content\/uploads\/2024\/09\/certidao4-677x1024.jpg 677w, https:\/\/aluri.com.br\/site2\/wp-content\/uploads\/2024\/09\/certidao4-198x300.jpg 198w, https:\/\/aluri.com.br\/site2\/wp-content\/uploads\/2024\/09\/certidao4.jpg 760w\" sizes=\"(max-width: 677px) 100vw, 677px\" \/>\t\t\t\t\t\t\t\t\t\t\t\t\t<\/div>\n\t\t\t\t<\/div>\n\t\t\t\t<\/div>\n\t\t<div class=\"elementor-element elementor-element-5791583 e-con-full e-flex wpr-particle-no wpr-jarallax-no wpr-parallax-no wpr-sticky-section-no e-con e-child\" data-id=\"5791583\" data-element_type=\"container\">\n\t\t\t\t<div class=\"elementor-element elementor-element-4ccf241 elementor-widget elementor-widget-image\" data-id=\"4ccf241\" data-element_type=\"widget\" data-widget_type=\"image.default\">\n\t\t\t\t<div class=\"elementor-widget-container\">\n\t\t\t\t\t\t\t\t\t\t\t\t\t<img loading=\"lazy\" decoding=\"async\" width=\"640\" height=\"340\" src=\"https:\/\/aluri.com.br\/site2\/wp-content\/uploads\/2024\/09\/certificacao1a.jpg\" class=\"attachment-large size-large wp-image-3536\" alt=\"\" srcset=\"https:\/\/aluri.com.br\/site2\/wp-content\/uploads\/2024\/09\/certificacao1a.jpg 640w, https:\/\/aluri.com.br\/site2\/wp-content\/uploads\/2024\/09\/certificacao1a-300x159.jpg 300w\" sizes=\"(max-width: 640px) 100vw, 640px\" \/>\t\t\t\t\t\t\t\t\t\t\t\t\t<\/div>\n\t\t\t\t<\/div>\n\t\t\t\t<\/div>\n\t\t<div class=\"elementor-element elementor-element-5addde7 e-con-full e-flex wpr-particle-no wpr-jarallax-no wpr-parallax-no wpr-sticky-section-no e-con e-child\" data-id=\"5addde7\" data-element_type=\"container\">\n\t\t\t\t<div class=\"elementor-element elementor-element-656c108 elementor-widget elementor-widget-image\" data-id=\"656c108\" data-element_type=\"widget\" data-widget_type=\"image.default\">\n\t\t\t\t<div class=\"elementor-widget-container\">\n\t\t\t\t\t\t\t\t\t\t\t\t\t<img loading=\"lazy\" decoding=\"async\" width=\"640\" height=\"340\" src=\"https:\/\/aluri.com.br\/site2\/wp-content\/uploads\/2024\/09\/certificacao2.jpg\" class=\"attachment-large size-large wp-image-3528\" alt=\"\" srcset=\"https:\/\/aluri.com.br\/site2\/wp-content\/uploads\/2024\/09\/certificacao2.jpg 640w, https:\/\/aluri.com.br\/site2\/wp-content\/uploads\/2024\/09\/certificacao2-300x159.jpg 300w\" sizes=\"(max-width: 640px) 100vw, 640px\" \/>\t\t\t\t\t\t\t\t\t\t\t\t\t<\/div>\n\t\t\t\t<\/div>\n\t\t\t\t<\/div>\n\t\t\t\t\t<\/div>\n\t\t\t\t<\/div>\n\t\t\t\t<\/div>\n\t\t","protected":false},"excerpt":{"rendered":"<p>Certifica\u00e7\u00f5es ANVISA Temos certifica\u00e7\u00e3o da ANVISA e contamos com uma estrutura robusta para o transporte de produtos farmac\u00eauticos e alimentos n\u00e3o perec\u00edveis. Seguimos rigorosamente as legisla\u00e7\u00f5es sanit\u00e1rias vigentes e as especifica\u00e7\u00f5es dos fabricantes, garantindo a integridade e a seguran\u00e7a dos produtos transportados.<\/p>\n","protected":false},"author":1,"featured_media":0,"parent":0,"menu_order":0,"comment_status":"closed","ping_status":"closed","template":"elementor_canvas","meta":{"footnotes":""},"class_list":["post-3060","page","type-page","status-publish","hentry"],"_links":{"self":[{"href":"https:\/\/aluri.com.br\/site2\/wp-json\/wp\/v2\/pages\/3060","targetHints":{"allow":["GET"]}}],"collection":[{"href":"https:\/\/aluri.com.br\/site2\/wp-json\/wp\/v2\/pages"}],"about":[{"href":"https:\/\/aluri.com.br\/site2\/wp-json\/wp\/v2\/types\/page"}],"author":[{"embeddable":true,"href":"https:\/\/aluri.com.br\/site2\/wp-json\/wp\/v2\/users\/1"}],"replies":[{"embeddable":true,"href":"https:\/\/aluri.com.br\/site2\/wp-json\/wp\/v2\/comments?post=3060"}],"version-history":[{"count":0,"href":"https:\/\/aluri.com.br\/site2\/wp-json\/wp\/v2\/pages\/3060\/revisions"}],"wp:attachment":[{"href":"https:\/\/aluri.com.br\/site2\/wp-json\/wp\/v2\/media?parent=3060"}],"curies":[{"name":"wp","href":"https:\/\/api.w.org\/{rel}","templated":true}]}}