{"id":2361,"date":"2024-08-07T15:39:05","date_gmt":"2024-08-07T18:39:05","guid":{"rendered":"https:\/\/aluri.com.br\/site2\/?page_id=2361"},"modified":"2024-10-24T12:25:40","modified_gmt":"2024-10-24T15:25:40","slug":"rastreamento","status":"publish","type":"page","link":"https:\/\/aluri.com.br\/site2\/rastreamento\/","title":{"rendered":"Rastreamento"},"content":{"rendered":"\t\t<div data-elementor-type=\"wp-page\" data-elementor-id=\"2361\" class=\"elementor elementor-2361\">\n\t\t\t\t\t\t<section class=\"elementor-section elementor-top-section elementor-element elementor-element-5170393 elementor-section-boxed elementor-section-height-default elementor-section-height-default wpr-particle-no wpr-jarallax-no wpr-parallax-no wpr-sticky-section-no\" data-id=\"5170393\" data-element_type=\"section\" data-settings=\"{&quot;background_background&quot;:&quot;classic&quot;}\">\n\t\t\t\t\t\t\t<div class=\"elementor-background-overlay\"><\/div>\n\t\t\t\t\t\t\t<div class=\"elementor-container elementor-column-gap-default\">\n\t\t\t\t\t<div class=\"elementor-column elementor-col-100 elementor-top-column elementor-element elementor-element-c53ab0d\" data-id=\"c53ab0d\" data-element_type=\"column\">\n\t\t\t<div class=\"elementor-widget-wrap elementor-element-populated\">\n\t\t\t\t\t\t<div class=\"elementor-element elementor-element-b709dc4 elementor-widget elementor-widget-heading\" data-id=\"b709dc4\" data-element_type=\"widget\" data-widget_type=\"heading.default\">\n\t\t\t\t<div class=\"elementor-widget-container\">\n\t\t\t<h2 class=\"elementor-heading-title elementor-size-default\">Rastreamento<\/h2>\t\t<\/div>\n\t\t\t\t<\/div>\n\t\t\t\t\t<\/div>\n\t\t<\/div>\n\t\t\t\t\t<\/div>\n\t\t<\/section>\n\t\t<div class=\"elementor-element elementor-element-029a50f e-grid e-con-boxed wpr-particle-no wpr-jarallax-no wpr-parallax-no wpr-sticky-section-no e-con e-parent\" data-id=\"029a50f\" data-element_type=\"container\">\n\t\t\t\t\t<div class=\"e-con-inner\">\n\t\t<div class=\"elementor-element elementor-element-365629f e-con-full e-flex wpr-particle-no wpr-jarallax-no wpr-parallax-no wpr-sticky-section-no e-con e-child\" data-id=\"365629f\" data-element_type=\"container\">\n\t\t\t\t<div class=\"elementor-element elementor-element-0f6a0d6 elementor-widget elementor-widget-heading\" data-id=\"0f6a0d6\" data-element_type=\"widget\" data-widget_type=\"heading.default\">\n\t\t\t\t<div class=\"elementor-widget-container\">\n\t\t\t<h2 class=\"elementor-heading-title elementor-size-default\">Rastreie sua Entrega<\/h2>\t\t<\/div>\n\t\t\t\t<\/div>\n\t\t\t\t<div class=\"elementor-element elementor-element-ddef5eb elementor-widget elementor-widget-text-editor\" data-id=\"ddef5eb\" data-element_type=\"widget\" data-widget_type=\"text-editor.default\">\n\t\t\t\t<div class=\"elementor-widget-container\">\n\t\t\t\t\t\t\t<p>Oferecemos acesso \u00e0s informa\u00e7\u00f5es sobre entregas e devolu\u00e7\u00f5es com data de at\u00e9 30 dias a partir da emiss\u00e3o do CT-e. Para consultar uma ou mais Notas Fiscais, insira o CNPJ do remetente, os n\u00fameros das Notas e sua senha no formul\u00e1rio abaixo.<\/p><p>Se voc\u00ea n\u00e3o possui uma senha de acesso ou se tiver d\u00favidas sobre as informa\u00e7\u00f5es obtidas, entre em contato com nosso SAC pelo telefone (11) 3641-7500.<\/p>\t\t\t\t\t\t<\/div>\n\t\t\t\t<\/div>\n\t\t\t\t<\/div>\n\t\t\t\t<div class=\"elementor-element elementor-element-073ca9e elementor-widget elementor-widget-html\" data-id=\"073ca9e\" data-element_type=\"widget\" data-widget_type=\"html.default\">\n\t\t\t\t<div class=\"elementor-widget-container\">\n\t\t\t<script language=JavaScript>\nfunction Limpar1()\n{\n  document.form1.reset();\n  document.form1.NR.focus();\n}\n\nfunction Vai1()\n{\n  if (document.form1.cnpj.value == \"\")\n  {\n    alert(\"Informe o CNPJ do remetente.\");\n    return;\n  }\n  if (document.form1.NR.value == \"\")\n {\n   alert(\"Informe pelo menos uma Nota Fiscal.\");\n   return;\n }\n\n window.open('https:\/\/www.ssw.inf.br\/ssw_resultSSW.asp','Popup','toolbar=no, location=no, directories=no, status=no, menubar=no, scrollbars=yes, resizable=no, copyhistory=yes, width=800, height=600');  \n\n  document.form1.submit();\n}\n\n\n<\/script>\n\n\n<form name=form1 target=Popup action=https:\/\/www.ssw.inf.br\/ssw_resultSSW.asp method=GET>\n <input type=\"hidden\" name=\"urlori\" value=\"https:\/\/aluri.com.br\/rastreie-sua-entrega\/\">\n<input type=\"hidden\" name=\"urlori\" value=\"javascript:window.close()\">\n<p><input type='text' maxlength='14' name='cnpj' value='' placeholder=\"CNPJ do Remetente\"><\/p>\n<p><textarea class=\"ssw\" cols=\"30\" name=\"NR\" rows=\"5\" placeholder=\"Notas Fiscais \/ N\u00famero da Coleta\"><\/textarea><\/p>\n\n<p><INPUT type=\"password\" name=\"chave\" placeholder=\"Senha\"><\/p>\n\n<a href=\"javascript:Vai1()\" class=\"button icon_right size-sm theme-wpcf7-submit\">Enviar <i class=\"stm-arrow-next\"><\/i><\/a>&nbsp;\n<a href=\"javascript:Limpar1()\" class=\"reset\"> <i class=\"fa fa-undo\"><\/i> Limpar<\/a>\n\n\n<input type=\"hidden\" name=\"urlori\" value=\"https:\/\/ssw.inf.br\/ajuda\/rastreamentorem.html\">\n\n<\/form>\t\t<\/div>\n\t\t\t\t<\/div>\n\t\t\t\t\t<\/div>\n\t\t\t\t<\/div>\n\t\t\t\t<\/div>\n\t\t","protected":false},"excerpt":{"rendered":"<p>Rastreamento Rastreie sua Entrega Oferecemos acesso \u00e0s informa\u00e7\u00f5es sobre entregas e devolu\u00e7\u00f5es com data de at\u00e9 30 dias a partir da emiss\u00e3o do CT-e. Para consultar uma ou mais Notas Fiscais, insira o CNPJ do remetente, os n\u00fameros das Notas e sua senha no formul\u00e1rio abaixo. Se voc\u00ea n\u00e3o possui uma senha de acesso ou se tiver d\u00favidas sobre as informa\u00e7\u00f5es obtidas, entre em contato com nosso SAC pelo telefone (11) 3641-7500. Enviar &nbsp; Limpar<\/p>\n","protected":false},"author":1,"featured_media":0,"parent":0,"menu_order":0,"comment_status":"closed","ping_status":"closed","template":"elementor_canvas","meta":{"footnotes":""},"class_list":["post-2361","page","type-page","status-publish","hentry"],"_links":{"self":[{"href":"https:\/\/aluri.com.br\/site2\/wp-json\/wp\/v2\/pages\/2361","targetHints":{"allow":["GET"]}}],"collection":[{"href":"https:\/\/aluri.com.br\/site2\/wp-json\/wp\/v2\/pages"}],"about":[{"href":"https:\/\/aluri.com.br\/site2\/wp-json\/wp\/v2\/types\/page"}],"author":[{"embeddable":true,"href":"https:\/\/aluri.com.br\/site2\/wp-json\/wp\/v2\/users\/1"}],"replies":[{"embeddable":true,"href":"https:\/\/aluri.com.br\/site2\/wp-json\/wp\/v2\/comments?post=2361"}],"version-history":[{"count":12,"href":"https:\/\/aluri.com.br\/site2\/wp-json\/wp\/v2\/pages\/2361\/revisions"}],"predecessor-version":[{"id":4247,"href":"https:\/\/aluri.com.br\/site2\/wp-json\/wp\/v2\/pages\/2361\/revisions\/4247"}],"wp:attachment":[{"href":"https:\/\/aluri.com.br\/site2\/wp-json\/wp\/v2\/media?parent=2361"}],"curies":[{"name":"wp","href":"https:\/\/api.w.org\/{rel}","templated":true}]}}