{"id":2304,"date":"2024-08-07T14:14:36","date_gmt":"2024-08-07T17:14:36","guid":{"rendered":"https:\/\/aluri.com.br\/site2\/?page_id=2304"},"modified":"2024-10-24T06:29:04","modified_gmt":"2024-10-24T09:29:04","slug":"qualificacao","status":"publish","type":"page","link":"https:\/\/aluri.com.br\/site2\/qualificacao\/","title":{"rendered":"Qualifica\u00e7\u00e3o"},"content":{"rendered":"\t\t<div data-elementor-type=\"wp-page\" data-elementor-id=\"2304\" class=\"elementor elementor-2304\">\n\t\t\t\t\t\t<section class=\"elementor-section elementor-top-section elementor-element elementor-element-5170393 elementor-section-boxed elementor-section-height-default elementor-section-height-default wpr-particle-no wpr-jarallax-no wpr-parallax-no wpr-sticky-section-no\" data-id=\"5170393\" data-element_type=\"section\" data-settings=\"{&quot;background_background&quot;:&quot;classic&quot;}\">\n\t\t\t\t\t\t\t<div class=\"elementor-background-overlay\"><\/div>\n\t\t\t\t\t\t\t<div class=\"elementor-container elementor-column-gap-default\">\n\t\t\t\t\t<div class=\"elementor-column elementor-col-100 elementor-top-column elementor-element elementor-element-c53ab0d\" data-id=\"c53ab0d\" data-element_type=\"column\">\n\t\t\t<div class=\"elementor-widget-wrap elementor-element-populated\">\n\t\t\t\t\t\t<div class=\"elementor-element elementor-element-b709dc4 elementor-widget elementor-widget-heading\" data-id=\"b709dc4\" data-element_type=\"widget\" data-widget_type=\"heading.default\">\n\t\t\t\t<div class=\"elementor-widget-container\">\n\t\t\t<h2 class=\"elementor-heading-title elementor-size-default\">Qualifica\u00e7\u00e3o<\/h2>\t\t<\/div>\n\t\t\t\t<\/div>\n\t\t\t\t<div class=\"elementor-element elementor-element-6971f64 elementor-widget elementor-widget-text-editor\" data-id=\"6971f64\" data-element_type=\"widget\" data-widget_type=\"text-editor.default\">\n\t\t\t\t<div class=\"elementor-widget-container\">\n\t\t\t\t\t\t\t<p>Na ALURI\u00ae Transportes, garantimos a integridade das cargas com gest\u00e3o de seguros rigorosa, ve\u00edculos rastreados e integra\u00e7\u00e3o com GRs<\/p>\t\t\t\t\t\t<\/div>\n\t\t\t\t<\/div>\n\t\t\t\t\t<\/div>\n\t\t<\/div>\n\t\t\t\t\t<\/div>\n\t\t<\/section>\n\t\t<div class=\"elementor-element elementor-element-cdd57e8 e-flex e-con-boxed wpr-particle-no wpr-jarallax-no wpr-parallax-no wpr-sticky-section-no e-con e-parent\" data-id=\"cdd57e8\" data-element_type=\"container\">\n\t\t\t\t\t<div class=\"e-con-inner\">\n\t\t\t\t<div class=\"elementor-element elementor-element-fabb696 elementor-widget elementor-widget-heading\" data-id=\"fabb696\" data-element_type=\"widget\" data-widget_type=\"heading.default\">\n\t\t\t\t<div class=\"elementor-widget-container\">\n\t\t\t<h2 class=\"elementor-heading-title elementor-size-default\">Compromisso e Responsabilidade<\/h2>\t\t<\/div>\n\t\t\t\t<\/div>\n\t\t\t\t\t<\/div>\n\t\t\t\t<\/div>\n\t\t<div class=\"elementor-element elementor-element-aeccd4b e-flex e-con-boxed wpr-particle-no wpr-jarallax-no wpr-parallax-no wpr-sticky-section-no e-con e-parent\" data-id=\"aeccd4b\" data-element_type=\"container\">\n\t\t\t\t\t<div class=\"e-con-inner\">\n\t\t<div class=\"elementor-element elementor-element-ab595bb e-con-full e-flex wpr-particle-no wpr-jarallax-no wpr-parallax-no wpr-sticky-section-no e-con e-child\" data-id=\"ab595bb\" data-element_type=\"container\">\n\t\t\t\t<div class=\"elementor-element elementor-element-b3b38e4 elementor-widget elementor-widget-text-editor\" data-id=\"b3b38e4\" data-element_type=\"widget\" data-widget_type=\"text-editor.default\">\n\t\t\t\t<div class=\"elementor-widget-container\">\n\t\t\t\t\t\t\t<p>GARANTIA DE AGILIDADE E SEGURAN\u00c7A NA APURA\u00c7\u00c3O DE RISCOS<\/p>\t\t\t\t\t\t<\/div>\n\t\t\t\t<\/div>\n\t\t\t\t<div class=\"elementor-element elementor-element-44eb3d9 elementor-widget elementor-widget-text-editor\" data-id=\"44eb3d9\" data-element_type=\"widget\" data-widget_type=\"text-editor.default\">\n\t\t\t\t<div class=\"elementor-widget-container\">\n\t\t\t\t\t\t\t<p>A nossa maior preocupa\u00e7\u00e3o \u00e9 assegurar a integridade das cargas durante o transporte. A solu\u00e7\u00e3o de gest\u00e3o de seguro da Aluri\u00ae foi desenvolvida para atender todos os requisitos impostos pelas seguradoras, incluindo a pesquisa e libera\u00e7\u00e3o de motoristas e ajudantes, o rastreamento de ve\u00edculos e a integra\u00e7\u00e3o com as Gerenciadoras de Risco (GRs) para emiss\u00e3o das SMPs<\/p><p>Nosso sistema de gerenciamento de transporte (TMS) est\u00e1 integrado com a seguradora, permitindo que a carga seja averbada automaticamente na emiss\u00e3o do documento de transporte (CT-e). Isso garante a efetividade do processo, reduzindo significativamente os riscos de n\u00e3o indeniza\u00e7\u00e3o em casos de sinistros e proporcionando uma seguran\u00e7a adicional para os nossos clientes.<\/p>\t\t\t\t\t\t<\/div>\n\t\t\t\t<\/div>\n\t\t\t\t<\/div>\n\t\t<div class=\"elementor-element elementor-element-4d58756 e-con-full e-flex wpr-particle-no wpr-jarallax-no wpr-parallax-no wpr-sticky-section-no e-con e-child\" data-id=\"4d58756\" data-element_type=\"container\">\n\t\t\t\t<div class=\"elementor-element elementor-element-9a71d7e elementor-widget elementor-widget-image\" data-id=\"9a71d7e\" data-element_type=\"widget\" data-widget_type=\"image.default\">\n\t\t\t\t<div class=\"elementor-widget-container\">\n\t\t\t\t\t\t\t\t\t\t\t\t\t<img fetchpriority=\"high\" decoding=\"async\" width=\"960\" height=\"639\" src=\"https:\/\/aluri.com.br\/site2\/wp-content\/uploads\/2024\/09\/qualificacao2-1024x682.jpg\" class=\"attachment-large size-large wp-image-3930\" alt=\"\" srcset=\"https:\/\/aluri.com.br\/site2\/wp-content\/uploads\/2024\/09\/qualificacao2-1024x682.jpg 1024w, https:\/\/aluri.com.br\/site2\/wp-content\/uploads\/2024\/09\/qualificacao2-300x200.jpg 300w, https:\/\/aluri.com.br\/site2\/wp-content\/uploads\/2024\/09\/qualificacao2-768x512.jpg 768w, https:\/\/aluri.com.br\/site2\/wp-content\/uploads\/2024\/09\/qualificacao2-1536x1023.jpg 1536w, https:\/\/aluri.com.br\/site2\/wp-content\/uploads\/2024\/09\/qualificacao2.jpg 1600w\" sizes=\"(max-width: 960px) 100vw, 960px\" \/>\t\t\t\t\t\t\t\t\t\t\t\t\t<\/div>\n\t\t\t\t<\/div>\n\t\t\t\t<\/div>\n\t\t\t\t\t<\/div>\n\t\t\t\t<\/div>\n\t\t<div class=\"elementor-element elementor-element-b6d9e1b e-flex e-con-boxed wpr-particle-no wpr-jarallax-no wpr-parallax-no wpr-sticky-section-no e-con e-parent\" data-id=\"b6d9e1b\" data-element_type=\"container\" data-settings=\"{&quot;background_background&quot;:&quot;classic&quot;}\">\n\t\t\t\t\t<div class=\"e-con-inner\">\n\t\t\t\t<div class=\"elementor-element elementor-element-fb02537 elementor-widget elementor-widget-text-editor\" data-id=\"fb02537\" data-element_type=\"widget\" data-widget_type=\"text-editor.default\">\n\t\t\t\t<div class=\"elementor-widget-container\">\n\t\t\t\t\t\t\t<p>Apresente-nos suas necessidades para que possamos desenvolver uma solu\u00e7\u00e3o personalizada para voc\u00ea<\/p>\t\t\t\t\t\t<\/div>\n\t\t\t\t<\/div>\n\t\t\t\t<div class=\"elementor-element elementor-element-5f72eef elementor-widget elementor-widget-button\" data-id=\"5f72eef\" data-element_type=\"widget\" data-widget_type=\"button.default\">\n\t\t\t\t<div class=\"elementor-widget-container\">\n\t\t\t\t\t<div class=\"elementor-button-wrapper\">\n\t\t\t<a class=\"elementor-button elementor-button-link elementor-size-sm\" href=\"index.php\/contato\/\">\n\t\t\t\t\t\t<span class=\"elementor-button-content-wrapper\">\n\t\t\t\t\t\t\t\t\t<span class=\"elementor-button-text\">Fale Conosco<\/span>\n\t\t\t\t\t<\/span>\n\t\t\t\t\t<\/a>\n\t\t<\/div>\n\t\t\t\t<\/div>\n\t\t\t\t<\/div>\n\t\t\t\t\t<\/div>\n\t\t\t\t<\/div>\n\t\t<div class=\"elementor-element elementor-element-de91cb6 e-flex e-con-boxed wpr-particle-no wpr-jarallax-no wpr-parallax-no wpr-sticky-section-no e-con e-parent\" data-id=\"de91cb6\" data-element_type=\"container\">\n\t\t\t\t\t<div class=\"e-con-inner\">\n\t\t<div class=\"elementor-element elementor-element-99cf722 e-con-full e-flex wpr-particle-no wpr-jarallax-no wpr-parallax-no wpr-sticky-section-no e-con e-child\" data-id=\"99cf722\" data-element_type=\"container\">\n\t\t\t\t<div class=\"elementor-element elementor-element-2cbe192 elementor-widget elementor-widget-heading\" data-id=\"2cbe192\" data-element_type=\"widget\" data-widget_type=\"heading.default\">\n\t\t\t\t<div class=\"elementor-widget-container\">\n\t\t\t<h2 class=\"elementor-heading-title elementor-size-default\">Solu\u00e7\u00f5es Eficientes e Personaliza\u00e7\u00e3o Operacional<\/h2>\t\t<\/div>\n\t\t\t\t<\/div>\n\t\t\t\t<div class=\"elementor-element elementor-element-ba30662 elementor-widget elementor-widget-text-editor\" data-id=\"ba30662\" data-element_type=\"widget\" data-widget_type=\"text-editor.default\">\n\t\t\t\t<div class=\"elementor-widget-container\">\n\t\t\t\t\t\t\t<p>Na Aluri\u00ae sempre oferecemos uma solu\u00e7\u00e3o integrada e personalizada para a distribui\u00e7\u00e3o de seus produtos, transfer\u00eancia, eventos e projetos especiais. Nossa abordagem customizada garante que cada detalhe seja cuidadosamente planejado e executado para atender \u00e0s suas necessidades espec\u00edficas.<\/p><p>Colecionamos diferentes casos de sucesso que se tornaram poss\u00edveis a partir da interpreta\u00e7\u00e3o precisa das necessidades dos nossos clientes. Atrav\u00e9s da excel\u00eancia no servi\u00e7o de transporte, ajudamos nossos clientes a alcan\u00e7arem o sucesso em seus neg\u00f3cios, demonstrando nosso compromisso com a qualidade e a satisfa\u00e7\u00e3o do cliente.<\/p>\t\t\t\t\t\t<\/div>\n\t\t\t\t<\/div>\n\t\t\t\t<\/div>\n\t\t<div class=\"elementor-element elementor-element-2ceff81 e-con-full e-flex wpr-particle-no wpr-jarallax-no wpr-parallax-no wpr-sticky-section-no e-con e-child\" data-id=\"2ceff81\" data-element_type=\"container\">\n\t\t\t\t<div class=\"elementor-element elementor-element-022d8bb elementor-widget elementor-widget-image\" data-id=\"022d8bb\" data-element_type=\"widget\" data-widget_type=\"image.default\">\n\t\t\t\t<div class=\"elementor-widget-container\">\n\t\t\t\t\t\t\t\t\t\t\t\t\t<img decoding=\"async\" width=\"960\" height=\"639\" src=\"https:\/\/aluri.com.br\/site2\/wp-content\/uploads\/2024\/09\/qualificacao3-1024x682.jpg\" class=\"attachment-large size-large wp-image-3929\" alt=\"\" srcset=\"https:\/\/aluri.com.br\/site2\/wp-content\/uploads\/2024\/09\/qualificacao3-1024x682.jpg 1024w, https:\/\/aluri.com.br\/site2\/wp-content\/uploads\/2024\/09\/qualificacao3-300x200.jpg 300w, https:\/\/aluri.com.br\/site2\/wp-content\/uploads\/2024\/09\/qualificacao3-768x512.jpg 768w, https:\/\/aluri.com.br\/site2\/wp-content\/uploads\/2024\/09\/qualificacao3-1536x1023.jpg 1536w, https:\/\/aluri.com.br\/site2\/wp-content\/uploads\/2024\/09\/qualificacao3.jpg 1600w\" sizes=\"(max-width: 960px) 100vw, 960px\" \/>\t\t\t\t\t\t\t\t\t\t\t\t\t<\/div>\n\t\t\t\t<\/div>\n\t\t\t\t<\/div>\n\t\t\t\t\t<\/div>\n\t\t\t\t<\/div>\n\t\t<div class=\"elementor-element elementor-element-5347197 e-con-full e-flex wpr-particle-no wpr-jarallax-no wpr-parallax-no wpr-sticky-section-no e-con e-parent\" data-id=\"5347197\" data-element_type=\"container\">\n\t\t<div class=\"elementor-element elementor-element-47080f5 e-con-full e-flex wpr-particle-no wpr-jarallax-no wpr-parallax-no wpr-sticky-section-no e-con e-child\" data-id=\"47080f5\" data-element_type=\"container\" data-settings=\"{&quot;background_background&quot;:&quot;classic&quot;}\">\n\t\t\t\t<div class=\"elementor-element elementor-element-382dc6a elementor-view-default elementor-position-top elementor-mobile-position-top elementor-widget elementor-widget-icon-box\" data-id=\"382dc6a\" data-element_type=\"widget\" data-widget_type=\"icon-box.default\">\n\t\t\t\t<div class=\"elementor-widget-container\">\n\t\t\t\t\t<div class=\"elementor-icon-box-wrapper\">\n\n\t\t\t\t\t\t<div class=\"elementor-icon-box-icon\">\n\t\t\t\t<span  class=\"elementor-icon elementor-animation-\">\n\t\t\t\t<svg aria-hidden=\"true\" class=\"e-font-icon-svg e-fas-check-circle\" viewBox=\"0 0 512 512\" xmlns=\"http:\/\/www.w3.org\/2000\/svg\"><path d=\"M504 256c0 136.967-111.033 248-248 248S8 392.967 8 256 119.033 8 256 8s248 111.033 248 248zM227.314 387.314l184-184c6.248-6.248 6.248-16.379 0-22.627l-22.627-22.627c-6.248-6.249-16.379-6.249-22.628 0L216 308.118l-70.059-70.059c-6.248-6.248-16.379-6.248-22.628 0l-22.627 22.627c-6.248 6.248-6.248 16.379 0 22.627l104 104c6.249 6.249 16.379 6.249 22.628.001z\"><\/path><\/svg>\t\t\t\t<\/span>\n\t\t\t<\/div>\n\t\t\t\n\t\t\t\t\t\t<div class=\"elementor-icon-box-content\">\n\n\t\t\t\t\t\t\t\t\t<h3 class=\"elementor-icon-box-title\">\n\t\t\t\t\t\t<span  >\n\t\t\t\t\t\t\tANVISA\t\t\t\t\t\t<\/span>\n\t\t\t\t\t<\/h3>\n\t\t\t\t\n\t\t\t\t\t\t\t\t\t<p class=\"elementor-icon-box-description\">\n\t\t\t\t\t\tTemos certifica\u00e7\u00e3o da ANVISA e contamos com uma estrutura robusta para o transporte de produtos farmac\u00eauticos e alimentos n\u00e3o perec\u00edveis. Seguimos rigorosamente as legisla\u00e7\u00f5es sanit\u00e1rias vigentes e as especifica\u00e7\u00f5es dos fabricantes, garantindo a integridade e a seguran\u00e7a dos produtos transportados.\t\t\t\t\t<\/p>\n\t\t\t\t\n\t\t\t<\/div>\n\t\t\t\n\t\t<\/div>\n\t\t\t\t<\/div>\n\t\t\t\t<\/div>\n\t\t\t\t<\/div>\n\t\t<div class=\"elementor-element elementor-element-5959b67 e-con-full e-flex wpr-particle-no wpr-jarallax-no wpr-parallax-no wpr-sticky-section-no e-con e-child\" data-id=\"5959b67\" data-element_type=\"container\" data-settings=\"{&quot;background_background&quot;:&quot;classic&quot;}\">\n\t\t\t\t<div class=\"elementor-element elementor-element-954a9d6 elementor-view-default elementor-position-top elementor-mobile-position-top elementor-widget elementor-widget-icon-box\" data-id=\"954a9d6\" data-element_type=\"widget\" data-widget_type=\"icon-box.default\">\n\t\t\t\t<div class=\"elementor-widget-container\">\n\t\t\t\t\t<div class=\"elementor-icon-box-wrapper\">\n\n\t\t\t\t\t\t<div class=\"elementor-icon-box-icon\">\n\t\t\t\t<span  class=\"elementor-icon elementor-animation-\">\n\t\t\t\t<svg aria-hidden=\"true\" class=\"e-font-icon-svg e-fas-history\" viewBox=\"0 0 512 512\" xmlns=\"http:\/\/www.w3.org\/2000\/svg\"><path d=\"M504 255.531c.253 136.64-111.18 248.372-247.82 248.468-59.015.042-113.223-20.53-155.822-54.911-11.077-8.94-11.905-25.541-1.839-35.607l11.267-11.267c8.609-8.609 22.353-9.551 31.891-1.984C173.062 425.135 212.781 440 256 440c101.705 0 184-82.311 184-184 0-101.705-82.311-184-184-184-48.814 0-93.149 18.969-126.068 49.932l50.754 50.754c10.08 10.08 2.941 27.314-11.313 27.314H24c-8.837 0-16-7.163-16-16V38.627c0-14.254 17.234-21.393 27.314-11.314l49.372 49.372C129.209 34.136 189.552 8 256 8c136.81 0 247.747 110.78 248 247.531zm-180.912 78.784l9.823-12.63c8.138-10.463 6.253-25.542-4.21-33.679L288 256.349V152c0-13.255-10.745-24-24-24h-16c-13.255 0-24 10.745-24 24v135.651l65.409 50.874c10.463 8.137 25.541 6.253 33.679-4.21z\"><\/path><\/svg>\t\t\t\t<\/span>\n\t\t\t<\/div>\n\t\t\t\n\t\t\t\t\t\t<div class=\"elementor-icon-box-content\">\n\n\t\t\t\t\t\t\t\t\t<h3 class=\"elementor-icon-box-title\">\n\t\t\t\t\t\t<span  >\n\t\t\t\t\t\t\tEntregas Agendadas e gest\u00e3o do prazo de entrega\t\t\t\t\t\t<\/span>\n\t\t\t\t\t<\/h3>\n\t\t\t\t\n\t\t\t\t\t\t\t\t\t<p class=\"elementor-icon-box-description\">\n\t\t\t\t\t\tNossa estrutura conta com um sistema web integrado que permite o planejamento, controle e monitoramento cont\u00ednuo de entregas e coletas agendadas. Podemos conectar nossa estrutura de informa\u00e7\u00e3o a qualquer plataforma de sistema dos nossos clientes, oferecendo flexibilidade e efici\u00eancia na gest\u00e3o log\u00edstica.\t\t\t\t\t<\/p>\n\t\t\t\t\n\t\t\t<\/div>\n\t\t\t\n\t\t<\/div>\n\t\t\t\t<\/div>\n\t\t\t\t<\/div>\n\t\t\t\t<\/div>\n\t\t<div class=\"elementor-element elementor-element-5b5ca7f e-con-full e-flex wpr-particle-no wpr-jarallax-no wpr-parallax-no wpr-sticky-section-no e-con e-child\" data-id=\"5b5ca7f\" data-element_type=\"container\" data-settings=\"{&quot;background_background&quot;:&quot;classic&quot;}\">\n\t\t\t\t<div class=\"elementor-element elementor-element-bd90dc8 elementor-view-default elementor-position-top elementor-mobile-position-top elementor-widget elementor-widget-icon-box\" data-id=\"bd90dc8\" data-element_type=\"widget\" data-widget_type=\"icon-box.default\">\n\t\t\t\t<div class=\"elementor-widget-container\">\n\t\t\t\t\t<div class=\"elementor-icon-box-wrapper\">\n\n\t\t\t\t\t\t<div class=\"elementor-icon-box-icon\">\n\t\t\t\t<span  class=\"elementor-icon elementor-animation-\">\n\t\t\t\t<svg aria-hidden=\"true\" class=\"e-font-icon-svg e-fas-phone-volume\" viewBox=\"0 0 384 512\" xmlns=\"http:\/\/www.w3.org\/2000\/svg\"><path d=\"M97.333 506.966c-129.874-129.874-129.681-340.252 0-469.933 5.698-5.698 14.527-6.632 21.263-2.422l64.817 40.513a17.187 17.187 0 0 1 6.849 20.958l-32.408 81.021a17.188 17.188 0 0 1-17.669 10.719l-55.81-5.58c-21.051 58.261-20.612 122.471 0 179.515l55.811-5.581a17.188 17.188 0 0 1 17.669 10.719l32.408 81.022a17.188 17.188 0 0 1-6.849 20.958l-64.817 40.513a17.19 17.19 0 0 1-21.264-2.422zM247.126 95.473c11.832 20.047 11.832 45.008 0 65.055-3.95 6.693-13.108 7.959-18.718 2.581l-5.975-5.726c-3.911-3.748-4.793-9.622-2.261-14.41a32.063 32.063 0 0 0 0-29.945c-2.533-4.788-1.65-10.662 2.261-14.41l5.975-5.726c5.61-5.378 14.768-4.112 18.718 2.581zm91.787-91.187c60.14 71.604 60.092 175.882 0 247.428-4.474 5.327-12.53 5.746-17.552.933l-5.798-5.557c-4.56-4.371-4.977-11.529-.93-16.379 49.687-59.538 49.646-145.933 0-205.422-4.047-4.85-3.631-12.008.93-16.379l5.798-5.557c5.022-4.813 13.078-4.394 17.552.933zm-45.972 44.941c36.05 46.322 36.108 111.149 0 157.546-4.39 5.641-12.697 6.251-17.856 1.304l-5.818-5.579c-4.4-4.219-4.998-11.095-1.285-15.931 26.536-34.564 26.534-82.572 0-117.134-3.713-4.836-3.115-11.711 1.285-15.931l5.818-5.579c5.159-4.947 13.466-4.337 17.856 1.304z\"><\/path><\/svg>\t\t\t\t<\/span>\n\t\t\t<\/div>\n\t\t\t\n\t\t\t\t\t\t<div class=\"elementor-icon-box-content\">\n\n\t\t\t\t\t\t\t\t\t<h3 class=\"elementor-icon-box-title\">\n\t\t\t\t\t\t<span  >\n\t\t\t\t\t\t\tServi\u00e7os Customizados\t\t\t\t\t\t<\/span>\n\t\t\t\t\t<\/h3>\n\t\t\t\t\n\t\t\t\t\t\t\t\t\t<p class=\"elementor-icon-box-description\">\n\t\t\t\t\t\tSomos especializados em projetos de transporte personalizados. Consulte nossa equipe comercial para desenvolver uma solu\u00e7\u00e3o sob medida que atenda \u00e0s suas necessidades espec\u00edficas.\t\t\t\t\t<\/p>\n\t\t\t\t\n\t\t\t<\/div>\n\t\t\t\n\t\t<\/div>\n\t\t\t\t<\/div>\n\t\t\t\t<\/div>\n\t\t\t\t<\/div>\n\t\t\t\t<\/div>\n\t\t\t\t<\/div>\n\t\t","protected":false},"excerpt":{"rendered":"<p>Qualifica\u00e7\u00e3o Na ALURI\u00ae Transportes, garantimos a integridade das cargas com gest\u00e3o de seguros rigorosa, ve\u00edculos rastreados e integra\u00e7\u00e3o com GRs Compromisso e Responsabilidade GARANTIA DE AGILIDADE E SEGURAN\u00c7A NA APURA\u00c7\u00c3O DE RISCOS A nossa maior preocupa\u00e7\u00e3o \u00e9 assegurar a integridade das cargas durante o transporte. A solu\u00e7\u00e3o de gest\u00e3o de seguro da Aluri\u00ae foi desenvolvida para atender todos os requisitos impostos pelas seguradoras, incluindo a pesquisa e libera\u00e7\u00e3o de motoristas e ajudantes, o rastreamento de ve\u00edculos e a integra\u00e7\u00e3o com as Gerenciadoras de Risco (GRs) para emiss\u00e3o das SMPs Nosso sistema de gerenciamento de transporte (TMS) est\u00e1 integrado com a seguradora, permitindo que a carga seja averbada automaticamente na emiss\u00e3o do documento de transporte (CT-e). Isso garante a efetividade do processo, reduzindo significativamente os riscos de n\u00e3o indeniza\u00e7\u00e3o em casos de sinistros e proporcionando uma seguran\u00e7a adicional para os nossos clientes. Apresente-nos suas necessidades para que possamos desenvolver uma solu\u00e7\u00e3o personalizada para voc\u00ea Fale Conosco Solu\u00e7\u00f5es Eficientes e Personaliza\u00e7\u00e3o Operacional Na Aluri\u00ae sempre oferecemos uma solu\u00e7\u00e3o integrada e personalizada para a distribui\u00e7\u00e3o de seus produtos, transfer\u00eancia, eventos e projetos especiais. Nossa abordagem customizada garante que cada detalhe seja cuidadosamente planejado e executado para atender \u00e0s suas necessidades espec\u00edficas. Colecionamos diferentes casos de sucesso que se tornaram poss\u00edveis a partir da interpreta\u00e7\u00e3o precisa das necessidades dos nossos clientes. Atrav\u00e9s da excel\u00eancia no servi\u00e7o de transporte, ajudamos nossos clientes a alcan\u00e7arem o sucesso em seus neg\u00f3cios, demonstrando nosso compromisso com a qualidade e a satisfa\u00e7\u00e3o do cliente. ANVISA Temos certifica\u00e7\u00e3o da ANVISA e contamos com uma estrutura robusta para o transporte de produtos farmac\u00eauticos e alimentos n\u00e3o perec\u00edveis. Seguimos rigorosamente as legisla\u00e7\u00f5es sanit\u00e1rias vigentes e as especifica\u00e7\u00f5es dos fabricantes, garantindo a integridade e a seguran\u00e7a dos produtos transportados. Entregas Agendadas e gest\u00e3o do prazo de entrega Nossa estrutura conta com um sistema web integrado que permite o planejamento, controle e monitoramento cont\u00ednuo de entregas e coletas agendadas. Podemos conectar nossa estrutura de informa\u00e7\u00e3o a qualquer plataforma de sistema dos nossos clientes, oferecendo flexibilidade e efici\u00eancia na gest\u00e3o log\u00edstica. Servi\u00e7os Customizados Somos especializados em projetos de transporte personalizados. Consulte nossa equipe comercial para desenvolver uma solu\u00e7\u00e3o sob medida que atenda \u00e0s suas necessidades espec\u00edficas.<\/p>\n","protected":false},"author":1,"featured_media":0,"parent":0,"menu_order":0,"comment_status":"closed","ping_status":"closed","template":"elementor_canvas","meta":{"footnotes":""},"class_list":["post-2304","page","type-page","status-publish","hentry"],"_links":{"self":[{"href":"https:\/\/aluri.com.br\/site2\/wp-json\/wp\/v2\/pages\/2304","targetHints":{"allow":["GET"]}}],"collection":[{"href":"https:\/\/aluri.com.br\/site2\/wp-json\/wp\/v2\/pages"}],"about":[{"href":"https:\/\/aluri.com.br\/site2\/wp-json\/wp\/v2\/types\/page"}],"author":[{"embeddable":true,"href":"https:\/\/aluri.com.br\/site2\/wp-json\/wp\/v2\/users\/1"}],"replies":[{"embeddable":true,"href":"https:\/\/aluri.com.br\/site2\/wp-json\/wp\/v2\/comments?post=2304"}],"version-history":[{"count":27,"href":"https:\/\/aluri.com.br\/site2\/wp-json\/wp\/v2\/pages\/2304\/revisions"}],"predecessor-version":[{"id":4227,"href":"https:\/\/aluri.com.br\/site2\/wp-json\/wp\/v2\/pages\/2304\/revisions\/4227"}],"wp:attachment":[{"href":"https:\/\/aluri.com.br\/site2\/wp-json\/wp\/v2\/media?parent=2304"}],"curies":[{"name":"wp","href":"https:\/\/api.w.org\/{rel}","templated":true}]}}